{"id":90,"date":"2025-03-04T16:04:31","date_gmt":"2025-03-04T16:04:31","guid":{"rendered":"https:\/\/societabiblica.org\/?page_id=90"},"modified":"2025-04-14T11:13:48","modified_gmt":"2025-04-14T11:13:48","slug":"sostienici","status":"publish","type":"page","link":"https:\/\/societabiblica.org\/?page_id=90","title":{"rendered":"Sostienici"},"content":{"rendered":"\t\t<div data-elementor-type=\"wp-page\" data-elementor-id=\"90\" class=\"elementor elementor-90\" data-elementor-post-type=\"page\">\n\t\t\t\t<div class=\"elementor-element elementor-element-a69c99a e-flex e-con-boxed e-con e-parent\" data-id=\"a69c99a\" data-element_type=\"container\">\n\t\t\t\t\t<div class=\"e-con-inner\">\n\t\t<div class=\"elementor-element elementor-element-c45356e e-con-full e-flex e-con e-child\" data-id=\"c45356e\" data-element_type=\"container\">\n\t\t\t\t<div class=\"elementor-element elementor-element-494ec5f elementor-widget elementor-widget-text-editor\" data-id=\"494ec5f\" data-element_type=\"widget\" data-widget_type=\"text-editor.default\">\n\t\t\t\t<div class=\"elementor-widget-container\">\n\t\t\t\t\t\t\t\t\t<p>La Societ\u00e0 Biblica in Italia vive del contributo di idee, tempo e soldi dei suoi associati. Pi\u00f9 siamo, pi\u00f9 possibilit\u00e0 abbiamo di diffondere la Bibbia e la sua conoscenza nel nostro Paese.<\/p>\n<p><!-- \/wp:paragraph --><!-- wp:paragraph --><\/p>\n<p><strong>Quota associativa (annuale):<\/strong><\/p>\n<p><!-- \/wp:paragraph --><!-- wp:paragraph --><\/p>\n<p><a href=\"https:\/\/societabiblica.org\/?page_id=260\">Socio<\/a>: da \u20ac 20,00 in su<\/p>\n<p>Amico*: offerta libera<\/p>\n<p>*\u00a0 sono amici della SBI tutti coloro che spontaneamente ne sostengono l\u2019attivit\u00e0 con un\u2019offerta libera annuale.<\/p>\n<p><!-- \/wp:paragraph --><!-- wp:paragraph --><\/p>\n<p><em>Si possono anche sostenere i singoli progetti di traduzione, \u00e8 sufficiente indicarlo nella causale del bonifico o del bollettino.<\/em><\/p>\n<p><!-- \/wp:paragraph --><!-- wp:paragraph --><\/p>\n<p>Sistemi di pagamento:<\/p>\n<p><!-- \/wp:paragraph --><!-- wp:paragraph --><\/p>\n<p><strong>Conto corrente bancario, Unicredit SpA<\/strong><\/p>\n<p><!-- \/wp:paragraph --><!-- wp:paragraph --><\/p>\n<p>Unicredit SpA \u2013 c\/o Ag. RM Via del Corso A \u2013 intestato a Societ\u00e0 Biblica in Italia,<br \/><strong>IBAN IT 93 N 02008 05181 000004023709<\/strong><\/p>\n<p><!-- \/wp:paragraph --><!-- wp:paragraph --><\/p>\n<p><em>Per una registrazione tempestiva, per favore, mandate una copia della ricevuta all\u2019indirizzo: <\/em>segreteria@societabiblica.org<\/p>\n<p><!-- \/wp:paragraph --><!-- wp:paragraph --><\/p>\n<p><!-- \/wp:paragraph --><\/p>\t\t\t\t\t\t\t\t<\/div>\n\t\t\t\t<\/div>\n\t\t\t\t<\/div>\n\t\t<div class=\"elementor-element elementor-element-8ad3e59 e-con-full e-flex e-con e-child\" data-id=\"8ad3e59\" data-element_type=\"container\">\n\t\t<div class=\"elementor-element elementor-element-427cdaa e-con-full e-flex e-con e-child\" data-id=\"427cdaa\" data-element_type=\"container\">\n\t\t\t\t<div class=\"elementor-element elementor-element-a2757aa elementor-widget elementor-widget-image\" data-id=\"a2757aa\" data-element_type=\"widget\" data-widget_type=\"image.default\">\n\t\t\t\t<div class=\"elementor-widget-container\">\n\t\t\t\t\t\t\t\t\t\t\t\t\t\t\t<img fetchpriority=\"high\" decoding=\"async\" width=\"297\" height=\"381\" src=\"https:\/\/societabiblica.org\/wp-content\/uploads\/2025\/03\/img32-1.webp\" class=\"attachment-large size-large wp-image-93\" alt=\"\" srcset=\"https:\/\/societabiblica.org\/wp-content\/uploads\/2025\/03\/img32-1.webp 297w, https:\/\/societabiblica.org\/wp-content\/uploads\/2025\/03\/img32-1-234x300.webp 234w\" sizes=\"(max-width: 297px) 100vw, 297px\" \/>\t\t\t\t\t\t\t\t\t\t\t\t\t\t\t<\/div>\n\t\t\t\t<\/div>\n\t\t\t\t<\/div>\n\t\t<div class=\"elementor-element elementor-element-e7dc17d e-con-full e-flex e-con e-child\" data-id=\"e7dc17d\" data-element_type=\"container\">\n\t\t\t\t<\/div>\n\t\t\t\t<\/div>\n\t\t\t\t\t<\/div>\n\t\t\t\t<\/div>\n\t\t\t\t<\/div>\n\t\t","protected":false},"excerpt":{"rendered":"<p>La Societ\u00e0 Biblica in Italia vive del contributo di idee, tempo e soldi dei suoi&hellip;<\/p>\n","protected":false},"author":1,"featured_media":0,"parent":0,"menu_order":0,"comment_status":"closed","ping_status":"closed","template":"","meta":{"content-type":"","_lmt_disableupdate":"","_lmt_disable":"","footnotes":""},"class_list":["post-90","page","type-page","status-publish","hentry"],"_links":{"self":[{"href":"https:\/\/societabiblica.org\/index.php?rest_route=\/wp\/v2\/pages\/90","targetHints":{"allow":["GET"]}}],"collection":[{"href":"https:\/\/societabiblica.org\/index.php?rest_route=\/wp\/v2\/pages"}],"about":[{"href":"https:\/\/societabiblica.org\/index.php?rest_route=\/wp\/v2\/types\/page"}],"author":[{"embeddable":true,"href":"https:\/\/societabiblica.org\/index.php?rest_route=\/wp\/v2\/users\/1"}],"replies":[{"embeddable":true,"href":"https:\/\/societabiblica.org\/index.php?rest_route=%2Fwp%2Fv2%2Fcomments&post=90"}],"version-history":[{"count":13,"href":"https:\/\/societabiblica.org\/index.php?rest_route=\/wp\/v2\/pages\/90\/revisions"}],"predecessor-version":[{"id":310,"href":"https:\/\/societabiblica.org\/index.php?rest_route=\/wp\/v2\/pages\/90\/revisions\/310"}],"wp:attachment":[{"href":"https:\/\/societabiblica.org\/index.php?rest_route=%2Fwp%2Fv2%2Fmedia&parent=90"}],"curies":[{"name":"wp","href":"https:\/\/api.w.org\/{rel}","templated":true}]}}